{"id":1010,"date":"2017-03-31T10:40:24","date_gmt":"2017-03-31T10:40:24","guid":{"rendered":"http:\/\/www.49themes.com\/demos\/chiropractorwp\/?page_id=7"},"modified":"2025-02-06T16:29:26","modified_gmt":"2025-02-06T13:29:26","slug":"home","status":"publish","type":"page","link":"https:\/\/cihatseyrek.com\/","title":{"rendered":"Anasayfa"},"content":{"rendered":"<p>[vc_row full_width=&#8221;stretch_row&#8221;][vc_column el_class=&#8221;rem-extra-margin&#8221;][vc_column_text]\n\t\t\t<!-- START home1 REVOLUTION SLIDER 6.2.22 --><p class=\"rs-p-wp-fix\"><\/p>\n\t\t\t<rs-module-wrap id=\"rev_slider_1_1_wrapper\" data-source=\"gallery\" style=\"background:transparent;padding:0;margin:0px auto;margin-top:0;margin-bottom:0;\">\n\t\t\t\t<rs-module id=\"rev_slider_1_1\" style=\"\" data-version=\"6.2.22\">\n\t\t\t\t\t<rs-slides>\n\t\t\t\t\t\t<rs-slide data-key=\"rs-1\" data-title=\"Slide\" data-anim=\"ei:d;eo:d;s:1000;r:0;t:fade;sl:0;\">\n\t\t\t\t\t\t\t<img loading=\"lazy\" decoding=\"async\" src=\"\/\/cihatseyrek.com\/wp-content\/uploads\/2024\/12\/2.png\" title=\"2\" width=\"1600\" height=\"554\" class=\"rev-slidebg\" data-no-retina>\n<!--\n\t\t\t\t\t\t\t--><rs-layer\n\t\t\t\t\t\t\t\tid=\"slider-1-slide-1-layer-0\" \n\t\t\t\t\t\t\t\tdata-type=\"text\"\n\t\t\t\t\t\t\t\tdata-rsp_ch=\"on\"\n\t\t\t\t\t\t\t\tdata-xy=\"xo:54px,46px,34px,20px;yo:252px,70px,61px,37px;\"\n\t\t\t\t\t\t\t\tdata-text=\"w:normal;s:16,15,15,9;l:24,19,14,8;ls:1px,0px,0px,0px;fw:600;\"\n\t\t\t\t\t\t\t\tdata-dim=\"minh:0px,none,none,none;\"\n\t\t\t\t\t\t\t\tdata-vbility=\"t,t,t,f\"\n\t\t\t\t\t\t\t\tdata-frame_999=\"o:0;st:w;\"\n\t\t\t\t\t\t\t\tstyle=\"z-index:8;font-family:Open Sans;font-style:italic;\"\n\t\t\t\t\t\t\t>Sa\u011fl\u0131\u011f\u0131n\u0131z\u0131 Geri Al\u0131n \n\t\t\t\t\t\t\t<\/rs-layer><!--\n\n\t\t\t\t\t\t\t--><rs-layer\n\t\t\t\t\t\t\t\tid=\"slider-1-slide-1-layer-1\" \n\t\t\t\t\t\t\t\tdata-type=\"shape\"\n\t\t\t\t\t\t\t\tdata-rsp_ch=\"on\"\n\t\t\t\t\t\t\t\tdata-xy=\"xo:221px,218px,204px,125px;yo:265px,86px,72px,44px;\"\n\t\t\t\t\t\t\t\tdata-text=\"w:normal;s:20,16,12,7;l:0,20,15,9;\"\n\t\t\t\t\t\t\t\tdata-dim=\"w:120px,99px,75px,46px;h:1px;\"\n\t\t\t\t\t\t\t\tdata-vbility=\"t,t,t,f\"\n\t\t\t\t\t\t\t\tdata-frame_999=\"o:0;st:w;\"\n\t\t\t\t\t\t\t\tstyle=\"z-index:9;background-color:#ffffff;\"\n\t\t\t\t\t\t\t> \n\t\t\t\t\t\t\t<\/rs-layer><!--\n\n\t\t\t\t\t\t\t--><rs-layer\n\t\t\t\t\t\t\t\tid=\"slider-1-slide-1-layer-2\" \n\t\t\t\t\t\t\t\tdata-type=\"text\"\n\t\t\t\t\t\t\t\tdata-rsp_ch=\"on\"\n\t\t\t\t\t\t\t\tdata-xy=\"xo:54px,44px,33px,20px;yo:330px,136px,125px,77px;\"\n\t\t\t\t\t\t\t\tdata-text=\"w:normal;s:35,30,26,16;l:39,32,24,14;ls:1,0,0,0;fw:800;\"\n\t\t\t\t\t\t\t\tdata-dim=\"minh:0px,none,none,none;\"\n\t\t\t\t\t\t\t\tdata-vbility=\"t,t,t,f\"\n\t\t\t\t\t\t\t\tdata-frame_999=\"o:0;st:w;\"\n\t\t\t\t\t\t\t\tstyle=\"z-index:11;font-family:Montserrat;\"\n\t\t\t\t\t\t\t>Bedeninizin sesine kulak verin. \n\t\t\t\t\t\t\t<\/rs-layer><!--\n\n\t\t\t\t\t\t\t--><rs-layer\n\t\t\t\t\t\t\t\tid=\"slider-1-slide-1-layer-3\" \n\t\t\t\t\t\t\t\tdata-type=\"text\"\n\t\t\t\t\t\t\t\tdata-rsp_ch=\"on\"\n\t\t\t\t\t\t\t\tdata-xy=\"xo:54px,44px,33px,20px;yo:291px,106px,95px,58px;\"\n\t\t\t\t\t\t\t\tdata-text=\"w:normal;s:35,30,26,16;l:39,32,24,14;ls:1,0,0,0;fw:700;\"\n\t\t\t\t\t\t\t\tdata-dim=\"minh:0px,none,none,none;\"\n\t\t\t\t\t\t\t\tdata-vbility=\"t,t,t,f\"\n\t\t\t\t\t\t\t\tdata-frame_999=\"o:0;st:w;\"\n\t\t\t\t\t\t\t\tstyle=\"z-index:10;font-family:Montserrat;\"\n\t\t\t\t\t\t\t>Ya\u015fam harekettir. \n\t\t\t\t\t\t\t<\/rs-layer><!--\n\n\t\t\t\t\t\t\t--><a\n\t\t\t\t\t\t\t\tid=\"slider-1-slide-1-layer-4\" \n\t\t\t\t\t\t\t\tclass=\"rs-layer rev-btn\"\n\t\t\t\t\t\t\t\thref=\"\/iletisim\" target=\"_self\" rel=\"nofollow\"\n\t\t\t\t\t\t\t\tdata-type=\"button\"\n\t\t\t\t\t\t\t\tdata-color=\"#76704c\"\n\t\t\t\t\t\t\t\tdata-rsp_ch=\"on\"\n\t\t\t\t\t\t\t\tdata-xy=\"xo:54px,44px,33px,20px;yo:394px,187px,177px,109px;\"\n\t\t\t\t\t\t\t\tdata-text=\"w:normal;s:14,13,12,7;l:15,12,9,6;fw:700;\"\n\t\t\t\t\t\t\t\tdata-dim=\"minh:0px,none,none,none;\"\n\t\t\t\t\t\t\t\tdata-vbility=\"t,t,t,f\"\n\t\t\t\t\t\t\t\tdata-padding=\"t:13,11,8,5;r:27,22,17,10;b:13,11,8,5;l:27,22,17,10;\"\n\t\t\t\t\t\t\t\tdata-border=\"bor:35px,35px,35px,35px;\"\n\t\t\t\t\t\t\t\tdata-frame_999=\"o:0;st:w;\"\n\t\t\t\t\t\t\t\tdata-frame_hover=\"c:rgba(255,255,255,0.7);bgc:#c6c194;bor:35px,35px,35px,35px;bri:120%;\"\n\t\t\t\t\t\t\t\tstyle=\"z-index:12;background-color:#c4be83;font-family:Open Sans;text-transform:uppercase;\"\n\t\t\t\t\t\t\t>\u0130leti\u015fime Ge\u00e7 \n\t\t\t\t\t\t\t<\/a><!--\n-->\t\t\t\t\t\t<\/rs-slide>\n\t\t\t\t\t<\/rs-slides>\n\t\t\t\t<\/rs-module>\n\t\t\t\t<script type=\"text\/javascript\">\n\t\t\t\t\tsetREVStartSize({c: 'rev_slider_1_1',rl:[1240,1024,778,480],el:[665,355,269,166],gw:[1240,1024,778,480],gh:[665,355,269,166],type:'standard',justify:'',layout:'fullwidth',mh:\"0\"});\n\t\t\t\t\tvar\trevapi1,\n\t\t\t\t\t\ttpj;\n\t\t\t\t\tfunction revinit_revslider11() {\n\t\t\t\t\tjQuery(function() {\n\t\t\t\t\t\ttpj = jQuery;\n\t\t\t\t\t\trevapi1 = tpj(\"#rev_slider_1_1\");\n\t\t\t\t\t\tif(revapi1==undefined || revapi1.revolution == undefined){\n\t\t\t\t\t\t\trevslider_showDoubleJqueryError(\"rev_slider_1_1\");\n\t\t\t\t\t\t}else{\n\t\t\t\t\t\t\trevapi1.revolution({\n\t\t\t\t\t\t\t\tsliderLayout:\"fullwidth\",\n\t\t\t\t\t\t\t\tvisibilityLevels:\"1240,1024,778,480\",\n\t\t\t\t\t\t\t\tgridwidth:\"1240,1024,778,480\",\n\t\t\t\t\t\t\t\tgridheight:\"665,355,269,166\",\n\t\t\t\t\t\t\t\tspinner:\"spinner0\",\n\t\t\t\t\t\t\t\tperspective:600,\n\t\t\t\t\t\t\t\tperspectiveType:\"global\",\n\t\t\t\t\t\t\t\teditorheight:\"665,355,269,166\",\n\t\t\t\t\t\t\t\tresponsiveLevels:\"1240,1024,778,480\",\n\t\t\t\t\t\t\t\tprogressBar:{disableProgressBar:true},\n\t\t\t\t\t\t\t\tnavigation: {\n\t\t\t\t\t\t\t\t\tonHoverStop:false\n\t\t\t\t\t\t\t\t},\n\t\t\t\t\t\t\t\tfallbacks: {\n\t\t\t\t\t\t\t\t\tallowHTML5AutoPlayOnAndroid:true\n\t\t\t\t\t\t\t\t},\n\t\t\t\t\t\t\t});\n\t\t\t\t\t\t}\n\t\t\t\t\t\t\n\t\t\t\t\t});\n\t\t\t\t\t} \/\/ End of RevInitScript\n\t\t\t\tvar once_revslider11 = false;\n\t\t\t\tif (document.readyState === \"loading\") {document.addEventListener('readystatechange',function() { if((document.readyState === \"interactive\" || document.readyState === \"complete\") && !once_revslider11 ) { once_revslider11 = true; revinit_revslider11();}});} else {once_revslider11 = true; revinit_revslider11();}\n\t\t\t\t<\/script>\n\t\t\t<\/rs-module-wrap>\n\t\t\t<!-- END REVOLUTION SLIDER -->\n[\/vc_column_text][\/vc_column][\/vc_row][vc_row full_width=&#8221;stretch_row&#8221; el_class=&#8221;contactUsBlock brownBack&#8221;][vc_column width=&#8221;3\/4&#8243;][vc_column_text]Bel ve boyun f\u0131t\u0131\u011f\u0131na ba\u011fl\u0131 a\u011fr\u0131lar\u0131n y\u00fczde 85-90&#8217;\u0131 ila\u00e7 tedavisi, osteopatik uygulamalar, fizik tedavi, egzersiz, davran\u0131\u015f tedavisi, manuel terapi uygulamalar\u0131 ile tedavi edilebilmektedir.[\/vc_column_text][\/vc_column][vc_column width=&#8221;1\/4&#8243;][vc_column_text]<a class=\"button btnStyle2 btnSize2 stripButton\" href=\"\/iletisim\">\u0130leti\u015fime Ge\u00e7<\/a>[\/vc_column_text][\/vc_column][\/vc_row][vc_row el_class=&#8221;contentPadding home-offer&#8221;][vc_column][tmc_whatweoffer first_service_heading=&#8221;Uzm. Fzt. Cihat Seyrek&#8221; first_heading_color=&#8221;&#8221; number=&#8221;33&#8243; column=&#8221;4&#8243; readmore_switch=&#8221;true&#8221; readmore_text=&#8221;Detayl\u0131 Bilgi&#8221;][\/vc_column][\/vc_row][vc_row full_width=&#8221;stretch_row&#8221; el_class=&#8221;contentPadding grey&#8221;][vc_column width=&#8221;1\/3&#8243; el_class=&#8221;col-md-5 responsive&#8221;][vc_empty_space height=&#8221;30px&#8221;][vc_raw_html]JTNDYSUyMGlkJTNEJTIyemwtdXJsJTIyJTIwY2xhc3MlM0QlMjJ6bC11cmwlMjIlMjBocmVmJTNEJTIyaHR0cHMlM0ElMkYlMkZ3d3cuZG9rdG9ydGFrdmltaS5jb20lMkZjaWhhdC1zZXlyZWstMiUyRmZpenlvdGVyYXBpLXZlLXJlaGFiaWxpdGFzeW9uJTJGaXN0YW5idWwlMjIlMjByZWwlM0QlMjJub2ZvbGxvdyUyMiUyMGRhdGEtemx3LWRvY3RvciUzRCUyMmNpaGF0LXNleXJlay0yJTIyJTIwZGF0YS16bHctdHlwZSUzRCUyMmJpZ193aXRoX2NhbGVuZGFyJTIyJTIwZGF0YS16bHctb3BpbmlvbiUzRCUyMmZhbHNlJTIyJTIwZGF0YS16bHctaGlkZS1icmFuZGluZyUzRCUyMnRydWUlMjIlMjBkYXRhLXpsdy1zYWFzLW9ubHklM0QlMjJmYWxzZSUyMiUzRUNpaGF0JTIwU2V5cmVrJTIwLSUyMERva3RvclRha3ZpbWkuY29tJTNDJTJGYSUzRSUzQ3NjcmlwdCUzRSUyMWZ1bmN0aW9uJTI4JTI0X3glMkNfcyUyQ2lkJTI5JTdCdmFyJTIwanMlMkNmanMlM0QlMjRfeC5nZXRFbGVtZW50c0J5VGFnTmFtZSUyOF9zJTI5JTVCMCU1RCUzQmlmJTI4JTIxJTI0X3guZ2V0RWxlbWVudEJ5SWQlMjhpZCUyOSUyOSU3QmpzJTIwJTNEJTIwJTI0X3guY3JlYXRlRWxlbWVudCUyOF9zJTI5JTNCanMuaWQlMjAlM0QlMjBpZCUzQmpzLnNyYyUyMCUzRCUyMCUyMiUyRiUyRnBsYXRmb3JtLmRvY3BsYW5uZXIuY29tJTJGanMlMkZ3aWRnZXQuanMlMjIlM0JmanMucGFyZW50Tm9kZS5pbnNlcnRCZWZvcmUlMjhqcyUyQ2ZqcyUyOSUzQiU3RCU3RCUyOGRvY3VtZW50JTJDJTIyc2NyaXB0JTIyJTJDJTIyemwtd2lkZ2V0LXMlMjIlMjklM0IlM0MlMkZzY3JpcHQlM0U=[\/vc_raw_html][\/vc_column][vc_column width=&#8221;2\/3&#8243; el_class=&#8221;col-md-7 responsive ul-position bullet-right&#8221;][vc_column_text]<\/p>\n<div class=\"requestContent\">\n<div class=\"my-row\">\n<div class=\"my-double-cols\">\n<div class=\"imgWrapper\"><img loading=\"lazy\" decoding=\"async\" class=\"alignnone wp-image-1115 size-full\" src=\"http:\/\/cihatseyrek.com\/wp-content\/uploads\/2020\/08\/1.jpg\" alt=\"\" width=\"350\" height=\"205\" srcset=\"https:\/\/cihatseyrek.com\/wp-content\/uploads\/2020\/08\/1.jpg 350w, https:\/\/cihatseyrek.com\/wp-content\/uploads\/2020\/08\/1-300x176.jpg 300w\" sizes=\"auto, (max-width: 350px) 100vw, 350px\" \/><\/div>\n<\/div>\n<div class=\"my-double-cols\">\n<div class=\"imgWrapper\"><img loading=\"lazy\" decoding=\"async\" class=\"alignnone wp-image-1116 size-full\" src=\"http:\/\/cihatseyrek.com\/wp-content\/uploads\/2020\/08\/2.jpg\" alt=\"\" width=\"350\" height=\"205\" srcset=\"https:\/\/cihatseyrek.com\/wp-content\/uploads\/2020\/08\/2.jpg 350w, https:\/\/cihatseyrek.com\/wp-content\/uploads\/2020\/08\/2-300x176.jpg 300w\" sizes=\"auto, (max-width: 350px) 100vw, 350px\" \/><\/div>\n<\/div>\n<div class=\"clear\"><\/div>\n<\/div>\n<div class=\"emptySpace20\"><\/div>\n<h5 class=\"h5 as\">Osteopati; v\u00fccuttaki problemi sadece a\u011fr\u0131 olan b\u00f6lgede aramaz. A\u011fr\u0131n\u0131n kayna\u011f\u0131n\u0131 tespit ederek sorunu \u00e7\u00f6zmeye \u00e7al\u0131\u015f\u0131r.<\/h5>\n<div class=\"simple-article normall\">\n<div class=\"post-header\">\n<p>Ostepati; kas iskelet sistemi, i\u00e7 organlar, omurga, v\u00fccut zarlar\u0131, sinir sistemi ve dola\u015f\u0131m sistemi \u00fczerinde \u00e7al\u0131\u015farak, sa\u011fl\u0131\u011f\u0131n devaml\u0131l\u0131\u011f\u0131 i\u00e7in bunlar\u0131n uyum i\u00e7inde i\u015fleyebilmelerini sa\u011flamay\u0131 hedefleyen bir disiplindir.<\/p>\n<p>Fonksiyonel t\u0131p, hastal\u0131\u011f\u0131 tedavi etmenin \u00f6tesinde, hastal\u0131\u011f\u0131n temel nedenlerine inerek bireyin genel sa\u011fl\u0131k durumunu iyile\u015ftirmeyi hedefleyen b\u00fct\u00fcnc\u00fcl bir t\u0131p yakla\u015f\u0131m\u0131d\u0131r. Geleneksel t\u0131bb\u0131n aksine, sadece semptomlar\u0131 tedavi etmekle kalmaz; bireylerin genetik yap\u0131s\u0131, ya\u015fam tarz\u0131, \u00e7evresel fakt\u00f6rler ve psikososyal etkileri g\u00f6z \u00f6n\u00fcnde bulundurarak ki\u015fiye \u00f6zel bir tedavi s\u00fcreci sunar.<\/p><\/div>\n<div class=\"row\">\n<div class=\"col-sm-6\">\n<ul>\n<li>Bel f\u0131t\u0131\u011f\u0131<\/li>\n<li>Boyun f\u0131t\u0131\u011f\u0131<\/li>\n<li>Kulak \u00e7\u0131nlamas\u0131 (Tinnitus)<\/li>\n<li>Ba\u015f a\u011fr\u0131s\u0131 ve migren<\/li>\n<li>Priformis sendromu ve siyatik<\/li>\n<li>Di\u015f s\u0131kma (Bruksizm)<\/li>\n<\/ul>\n<\/div>\n<div class=\"col-sm-6\">\n<ul>\n<li>Boyun d\u00fczle\u015fmesi<\/li>\n<li>Spor yaralanmalar\u0131<\/li>\n<li>Fibromiyalji\u00a0 sendromu<\/li>\n<li>Donuk omuz<\/li>\n<li>Temporamandibular eklem<\/li>\n<li>Diz kire\u00e7lenmesi (Gonartroz)<\/li>\n<\/ul>\n<\/div>\n<\/div>\n<\/div>\n<\/div>\n<p>[\/vc_column_text][\/vc_column][\/vc_row][vc_row full_width=&#8221;stretch_row&#8221; css=&#8221;.vc_custom_1598874806285{background-image: url(http:\/\/cihatseyrek.com\/wp-content\/uploads\/2020\/08\/29303-scaled.jpg?id=1117) !important;}&#8221; el_class=&#8221;contentPadding bg bgShadow30 paddingSection&#8221;][vc_column][vc_row_inner][vc_column_inner el_class=&#8221;col-sm-offset-5 minScreen&#8221; width=&#8221;7\/12&#8243;][vc_column_text]<\/p>\n<h1 class=\"h4 as light extraLight\"><strong>Hareket \u00f6zg\u00fcrl\u00fc\u011f\u00fcn\u00fcz\u00fc ve sa\u011fl\u0131\u011f\u0131n\u0131z\u0131 geri al\u0131n!<\/strong><\/h1>\n<p>[\/vc_column_text][\/vc_column_inner][\/vc_row_inner][\/vc_column][\/vc_row][vc_row el_class=&#8221;contentPadding&#8221;][vc_column][tmc_news title_text=&#8221;Son Yaz\u0131lar\u0131m&#8221; title_show=&#8221;yes&#8221; column=&#8221;3&#8243;][\/vc_column][\/vc_row][vc_row full_width=&#8221;stretch_row_content_no_spaces&#8221;][vc_column][vc_gmaps link=&#8221;#E-8_JTNDaWZyYW1lJTIwc3JjJTNEJTIyaHR0cHMlM0ElMkYlMkZ3d3cuZ29vZ2xlLmNvbSUyRm1hcHMlMkZlbWJlZCUzRnBiJTNEJTIxMW0xOCUyMTFtMTIlMjExbTMlMjExZDMwMDguNTg1MTQ4OTI3NjkyJTIxMmQyOC45OTQ1NjMwNzU5NzgxMSUyMTNkNDEuMDU2MjAwMzcxMzQzODM0JTIxMm0zJTIxMWYwJTIxMmYwJTIxM2YwJTIxM20yJTIxMWkxMDI0JTIxMmk3NjglMjE0ZjEzLjElMjEzbTMlMjExbTIlMjExczB4MTRjYWI3MDdhOGVhNDQ2MSUyNTNBMHgxNjFjOTI0MmU1N2EyMWM1JTIxMnNWaXRhbCUyNTIwRnVseWElMjUyMFBsYXphJTI1MjAtJTI1MjBEb2t0b3IlMjUyME11YXllbmVoYW5lJTIxNWUwJTIxM20yJTIxMXN0ciUyMTJzdHIlMjE0djE3MzAwNjI2MTAwNzklMjE1bTIlMjExc3RyJTIxMnN0ciUyMiUyMHdpZHRoJTNEJTIyNjAwJTIyJTIwaGVpZ2h0JTNEJTIyNDUwJTIyJTIwc3R5bGUlM0QlMjJib3JkZXIlM0EwJTNCJTIyJTIwYWxsb3dmdWxsc2NyZWVuJTNEJTIyJTIyJTIwbG9hZGluZyUzRCUyMmxhenklMjIlMjByZWZlcnJlcnBvbGljeSUzRCUyMm5vLXJlZmVycmVyLXdoZW4tZG93bmdyYWRlJTIyJTNFJTNDJTJGaWZyYW1lJTNF&#8221;][\/vc_column][\/vc_row]<\/p>\n","protected":false},"excerpt":{"rendered":"<p>[vc_row full_width=&#8221;stretch_row&#8221;][vc_column el_class=&#8221;rem-extra-margin&#8221;][vc_column_text][\/vc_column_text][\/vc_column][\/vc_row][vc_row full_width=&#8221;stretch_row&#8221; el_class=&#8221;contactUsBlock brownBack&#8221;][vc_column width=&#8221;3\/4&#8243;][vc_column_text]Bel ve boyun f\u0131t\u0131\u011f\u0131na ba\u011fl\u0131 a\u011fr\u0131lar\u0131n y\u00fczde 85-90&#8217;\u0131 ila\u00e7 tedavisi, osteopatik uygulamalar, fizik tedavi, egzersiz, davran\u0131\u015f tedavisi, manuel terapi uygulamalar\u0131 ile tedavi edilebilmektedir.[\/vc_column_text][\/vc_column][vc_column width=&#8221;1\/4&#8243;][vc_column_text]\u0130leti\u015fime Ge\u00e7[\/vc_column_text][\/vc_column][\/vc_row][vc_row el_class=&#8221;contentPadding home-offer&#8221;][vc_column][tmc_whatweoffer first_service_heading=&#8221;Uzm. Fzt. Cihat Seyrek&#8221; first_heading_color=&#8221;&#8221; number=&#8221;33&#8243; column=&#8221;4&#8243; readmore_switch=&#8221;true&#8221; readmore_text=&#8221;Detayl\u0131 Bilgi&#8221;][\/vc_column][\/vc_row][vc_row full_width=&#8221;stretch_row&#8221; el_class=&#8221;contentPadding grey&#8221;][vc_column width=&#8221;1\/3&#8243; el_class=&#8221;col-md-5 responsive&#8221;][vc_empty_space height=&#8221;30px&#8221;][vc_raw_html]JTNDYSUyMGlkJTNEJTIyemwtdXJsJTIyJTIwY2xhc3MlM0QlMjJ6bC11cmwlMjIlMjBocmVmJTNEJTIyaHR0cHMlM0ElMkYlMkZ3d3cuZG9rdG9ydGFrdmltaS5jb20lMkZjaWhhdC1zZXlyZWstMiUyRmZpenlvdGVyYXBpLXZlLXJlaGFiaWxpdGFzeW9uJTJGaXN0YW5idWwlMjIlMjByZWwlM0QlMjJub2ZvbGxvdyUyMiUyMGRhdGEtemx3LWRvY3RvciUzRCUyMmNpaGF0LXNleXJlay0yJTIyJTIwZGF0YS16bHctdHlwZSUzRCUyMmJpZ193aXRoX2NhbGVuZGFyJTIyJTIwZGF0YS16bHctb3BpbmlvbiUzRCUyMmZhbHNlJTIyJTIwZGF0YS16bHctaGlkZS1icmFuZGluZyUzRCUyMnRydWUlMjIlMjBkYXRhLXpsdy1zYWFzLW9ubHklM0QlMjJmYWxzZSUyMiUzRUNpaGF0JTIwU2V5cmVrJTIwLSUyMERva3RvclRha3ZpbWkuY29tJTNDJTJGYSUzRSUzQ3NjcmlwdCUzRSUyMWZ1bmN0aW9uJTI4JTI0X3glMkNfcyUyQ2lkJTI5JTdCdmFyJTIwanMlMkNmanMlM0QlMjRfeC5nZXRFbGVtZW50c0J5VGFnTmFtZSUyOF9zJTI5JTVCMCU1RCUzQmlmJTI4JTIxJTI0X3guZ2V0RWxlbWVudEJ5SWQlMjhpZCUyOSUyOSU3QmpzJTIwJTNEJTIwJTI0X3guY3JlYXRlRWxlbWVudCUyOF9zJTI5JTNCanMuaWQlMjAlM0QlMjBpZCUzQmpzLnNyYyUyMCUzRCUyMCUyMiUyRiUyRnBsYXRmb3JtLmRvY3BsYW5uZXIuY29tJTJGanMlMkZ3aWRnZXQuanMlMjIlM0JmanMucGFyZW50Tm9kZS5pbnNlcnRCZWZvcmUlMjhqcyUyQ2ZqcyUyOSUzQiU3RCU3RCUyOGRvY3VtZW50JTJDJTIyc2NyaXB0JTIyJTJDJTIyemwtd2lkZ2V0LXMlMjIlMjklM0IlM0MlMkZzY3JpcHQlM0U=[\/vc_raw_html][\/vc_column][vc_column width=&#8221;2\/3&#8243; el_class=&#8221;col-md-7 responsive ul-position bullet-right&#8221;][vc_column_text]<\/p>\n","protected":false},"author":1,"featured_media":0,"parent":0,"menu_order":0,"comment_status":"closed","ping_status":"closed","template":"","meta":{"footnotes":""},"class_list":["post-1010","page","type-page","status-publish","hentry"],"_links":{"self":[{"href":"https:\/\/cihatseyrek.com\/index.php?rest_route=\/wp\/v2\/pages\/1010","targetHints":{"allow":["GET"]}}],"collection":[{"href":"https:\/\/cihatseyrek.com\/index.php?rest_route=\/wp\/v2\/pages"}],"about":[{"href":"https:\/\/cihatseyrek.com\/index.php?rest_route=\/wp\/v2\/types\/page"}],"author":[{"embeddable":true,"href":"https:\/\/cihatseyrek.com\/index.php?rest_route=\/wp\/v2\/users\/1"}],"replies":[{"embeddable":true,"href":"https:\/\/cihatseyrek.com\/index.php?rest_route=%2Fwp%2Fv2%2Fcomments&post=1010"}],"version-history":[{"count":64,"href":"https:\/\/cihatseyrek.com\/index.php?rest_route=\/wp\/v2\/pages\/1010\/revisions"}],"predecessor-version":[{"id":1857,"href":"https:\/\/cihatseyrek.com\/index.php?rest_route=\/wp\/v2\/pages\/1010\/revisions\/1857"}],"wp:attachment":[{"href":"https:\/\/cihatseyrek.com\/index.php?rest_route=%2Fwp%2Fv2%2Fmedia&parent=1010"}],"curies":[{"name":"wp","href":"https:\/\/api.w.org\/{rel}","templated":true}]}}