{"id":178,"date":"2017-04-17T12:26:26","date_gmt":"2017-04-17T12:26:26","guid":{"rendered":"http:\/\/www.49themes.com\/demos\/chiropractorwp\/?page_id=178"},"modified":"2021-12-09T11:51:50","modified_gmt":"2021-12-09T08:51:50","slug":"sikca-sorulan-sorular","status":"publish","type":"page","link":"https:\/\/cihatseyrek.com\/?page_id=178","title":{"rendered":"S\u0131k Sorulan Sorular"},"content":{"rendered":"<p>[vc_row][vc_column][vc_tta_accordion shape=&#8221;square&#8221; active_section=&#8221;1&#8243; el_class=&#8221;accordeon i_class_border&#8221;][vc_tta_section title=&#8221;Bel f\u0131t\u0131\u011f\u0131 tedavisinde manuel terapi ne kadar etkilidir?&#8221; tab_id=&#8221;1492661708968-1b7281ce-819b&#8221;][vc_row_inner][vc_column_inner][vc_column_text el_class=&#8221;simple-article normall&#8221;]T\u00fcm fizik tedavi ve rehabilitasyon hastal\u0131klar\u0131nda oldu\u011fu gibi bel f\u0131t\u0131\u011f\u0131 tedavisinde de manuel terapi olduk\u00e7a etkilidir.T\u00fcm geli\u015fmi\u015f \u00fclkeler klasik fizik tedavi y\u00f6ntemlerini b\u0131rak\u0131p manuel terapi y\u00f6ntemlerine bunun i\u00e7in ge\u00e7mi\u015ftir.Ancak \u00f6nemli nokta tedavi \u00f6ncesinde hasta de\u011ferlendirip tedaviye uygunlu\u011fu belirlenmelidir.[\/vc_column_text][\/vc_column_inner][\/vc_row_inner][\/vc_tta_section][vc_tta_section title=&#8221;Ameliyatl\u0131k f\u0131t\u0131klar manuel terapiyle tedavi edilebilir mi?&#8221; tab_id=&#8221;1492661709223-08b2e9e9-8f44&#8243;][vc_row_inner][vc_column_inner][vc_column_text el_class=&#8221;simple-article normall&#8221;]Asl\u0131nda bel ya da boyunda olu\u015fan f\u0131t\u0131klar\u0131n sadece %1-2 si ameliyatl\u0131k f\u0131t\u0131klard\u0131r.Geri kalan b\u00fcy\u00fck b\u00f6l\u00fcm ameliyats\u0131z da tedavi edilebilir.Manuel terapi etkili bir tedavi y\u00f6ntemi oldu\u011fundan f\u0131t\u0131klar\u0131n %98-99 luk k\u0131sm\u0131n\u0131 tedavi edebilir.[\/vc_column_text][\/vc_column_inner][\/vc_row_inner][\/vc_tta_section][vc_tta_section title=&#8221;Manuel terapiden sonra a\u011fr\u0131m tamamen biter mi?&#8221; tab_id=&#8221;1492661858362-0de2feef-c2b2&#8243;][vc_row_inner][vc_column_inner][vc_column_text el_class=&#8221;simple-article normall&#8221;]Tedaviden sonra a\u011fr\u0131n\u0131z\u0131n tamam\u0131 ge\u00e7er.Ancak egzersizlerle ve ya\u015fam \u015feklinizin d\u00fczenlenmesiyle kal\u0131c\u0131l\u0131k sa\u011flan\u0131r.Unutmay\u0131n ki yapt\u0131\u011f\u0131n\u0131z yanl\u0131\u015flardan \u00f6t\u00fcr\u00fc a\u011fr\u0131n\u0131z oldu ve bunlar\u0131 tekrar ederseniz a\u011fr\u0131n\u0131z\u0131nda tekrarlamas\u0131 muhtemeldir.[\/vc_column_text][\/vc_column_inner][\/vc_row_inner][\/vc_tta_section][vc_tta_section title=&#8221;Manuel terapi ka\u00e7 seanst\u0131r?&#8221; tab_id=&#8221;1492661862949-c72280cb-6681&#8243;][vc_row_inner][vc_column_inner][vc_column_text el_class=&#8221;simple-article normall&#8221;]Manuel terapi fizik tedavi gibi 20-30 seans s\u00fcrmez.\u0130lk seanstan itibaren a\u011fr\u0131 giderilmeye \u00e7al\u0131\u015f\u0131l\u0131r.Normal vakalarda 5 seans yeterli olurken hastal\u0131\u011f\u0131n durumuna g\u00f6re en fazla 8-10 seansa kadar \u00e7\u0131k\u0131labilir.[\/vc_column_text][\/vc_column_inner][\/vc_row_inner][\/vc_tta_section][\/vc_tta_accordion][vc_empty_space height=&#8221;80px&#8221;][\/vc_column][\/vc_row]<\/p>\n","protected":false},"excerpt":{"rendered":"<p>[vc_row][vc_column][vc_tta_accordion shape=&#8221;square&#8221; active_section=&#8221;1&#8243; el_class=&#8221;accordeon i_class_border&#8221;][vc_tta_section title=&#8221;Bel f\u0131t\u0131\u011f\u0131 tedavisinde manuel terapi ne kadar etkilidir?&#8221; tab_id=&#8221;1492661708968-1b7281ce-819b&#8221;][vc_row_inner][vc_column_inner][vc_column_text el_class=&#8221;simple-article normall&#8221;]T\u00fcm fizik tedavi ve rehabilitasyon hastal\u0131klar\u0131nda oldu\u011fu gibi bel f\u0131t\u0131\u011f\u0131 tedavisinde de manuel terapi olduk\u00e7a etkilidir.T\u00fcm geli\u015fmi\u015f \u00fclkeler klasik fizik tedavi y\u00f6ntemlerini b\u0131rak\u0131p manuel terapi y\u00f6ntemlerine bunun i\u00e7in ge\u00e7mi\u015ftir.Ancak \u00f6nemli nokta tedavi \u00f6ncesinde hasta de\u011ferlendirip tedaviye uygunlu\u011fu belirlenmelidir.[\/vc_column_text][\/vc_column_inner][\/vc_row_inner][\/vc_tta_section][vc_tta_section title=&#8221;Ameliyatl\u0131k f\u0131t\u0131klar<\/p>\n","protected":false},"author":1,"featured_media":0,"parent":0,"menu_order":0,"comment_status":"closed","ping_status":"closed","template":"","meta":{"footnotes":""},"class_list":["post-178","page","type-page","status-publish","hentry"],"_links":{"self":[{"href":"https:\/\/cihatseyrek.com\/index.php?rest_route=\/wp\/v2\/pages\/178","targetHints":{"allow":["GET"]}}],"collection":[{"href":"https:\/\/cihatseyrek.com\/index.php?rest_route=\/wp\/v2\/pages"}],"about":[{"href":"https:\/\/cihatseyrek.com\/index.php?rest_route=\/wp\/v2\/types\/page"}],"author":[{"embeddable":true,"href":"https:\/\/cihatseyrek.com\/index.php?rest_route=\/wp\/v2\/users\/1"}],"replies":[{"embeddable":true,"href":"https:\/\/cihatseyrek.com\/index.php?rest_route=%2Fwp%2Fv2%2Fcomments&post=178"}],"version-history":[{"count":7,"href":"https:\/\/cihatseyrek.com\/index.php?rest_route=\/wp\/v2\/pages\/178\/revisions"}],"predecessor-version":[{"id":1132,"href":"https:\/\/cihatseyrek.com\/index.php?rest_route=\/wp\/v2\/pages\/178\/revisions\/1132"}],"wp:attachment":[{"href":"https:\/\/cihatseyrek.com\/index.php?rest_route=%2Fwp%2Fv2%2Fmedia&parent=178"}],"curies":[{"name":"wp","href":"https:\/\/api.w.org\/{rel}","templated":true}]}}