{"id":313,"date":"2017-04-21T17:13:29","date_gmt":"2017-04-21T17:13:29","guid":{"rendered":"http:\/\/www.49themes.com\/demos\/chiropractorwp\/?page_id=313"},"modified":"2025-01-20T15:44:22","modified_gmt":"2025-01-20T12:44:22","slug":"iletisim","status":"publish","type":"page","link":"https:\/\/cihatseyrek.com\/?page_id=313","title":{"rendered":"\u0130leti\u015fim"},"content":{"rendered":"<p>[vc_row css=&#8221;.vc_custom_1599028069410{padding-bottom: 40px !important;}&#8221;][\/vc_row][vc_column][\/vc_column][tmc_custom_heading heading=&#8221;Cihat Seyrek &#8211; \u0130leti\u015fim&#8221; heading_color=&#8221;#4d4d4d&#8221; el_class=&#8221;titleShortcode smallMb small&#8221;][vc_column_text el_class=&#8221;response-pad&#8221;]<\/p>\n<div class=\"simple-articel normall\">\n<p>L\u00fctfen akl\u0131n\u0131za tak\u0131lanlar\u0131 sormaktan \u00e7ekinmeyiniz, size d\u00f6n\u00fc\u015f yapabilmem i\u00e7in ileti\u015fim bilgilerinizi kontrol ediniz.<\/p>\n<\/div>\n<p>[\/vc_column_text][tmc_contact_info address_first_row=&#8221;Vital Fulya Plaza, Te\u015fvikiye, Hakk\u0131 Yeten Cd. No:23, Kat:2&#8243; address_second_row=&#8221;\u015ei\u015fli\/\u0130stanbul&#8221; first_email=&#8221;ostcihatseyrek@gmail.com&#8221; contact_number=&#8221;+90 0552 687 24 15&#8243; el_class=&#8221;cinfo&#8221;][vc_row_inner css=&#8221;.vc_custom_1599028101425{padding-top: 40px !important;}&#8221;][\/vc_row_inner][vc_column_inner el_class=&#8221;responsibe contactP&#8221; width=&#8221;1\/2&#8243;][vc_empty_space height=&#8221;&#8221; id=&#8221;&#8220;zl-url&#8220;&#8221; class=&#8221;&#8220;zl-url&#8220;&#8221;][\/vc_column_inner]<\/p>\n","protected":false},"excerpt":{"rendered":"<p>[vc_row css=&#8221;.vc_custom_1599028069410{padding-bottom: 40px !important;}&#8221;][\/vc_row][vc_column][\/vc_column][tmc_custom_heading heading=&#8221;Cihat Seyrek &#8211; \u0130leti\u015fim&#8221; heading_color=&#8221;#4d4d4d&#8221; el_class=&#8221;titleShortcode smallMb small&#8221;][vc_column_text el_class=&#8221;response-pad&#8221;] L\u00fctfen akl\u0131n\u0131za tak\u0131lanlar\u0131 sormaktan \u00e7ekinmeyiniz, size d\u00f6n\u00fc\u015f yapabilmem i\u00e7in ileti\u015fim bilgilerinizi kontrol ediniz. [\/vc_column_text][tmc_contact_info address_first_row=&#8221;Vital Fulya Plaza, Te\u015fvikiye, Hakk\u0131 Yeten Cd. No:23, Kat:2&#8243; address_second_row=&#8221;\u015ei\u015fli\/\u0130stanbul&#8221; first_email=&#8221;ostcihatseyrek@gmail.com&#8221; contact_number=&#8221;+90 0552 687 24 15&#8243; el_class=&#8221;cinfo&#8221;][vc_row_inner css=&#8221;.vc_custom_1599028101425{padding-top: 40px !important;}&#8221;][\/vc_row_inner][vc_column_inner el_class=&#8221;responsibe contactP&#8221; width=&#8221;1\/2&#8243;][vc_empty_space height=&#8221;&#8221; id=&#8221;&#8220;zl-url&#8220;&#8221; class=&#8221;&#8220;zl-url&#8220;&#8221;][\/vc_column_inner]<\/p>\n","protected":false},"author":1,"featured_media":0,"parent":0,"menu_order":0,"comment_status":"closed","ping_status":"closed","template":"","meta":{"footnotes":""},"class_list":["post-313","page","type-page","status-publish","hentry"],"_links":{"self":[{"href":"https:\/\/cihatseyrek.com\/index.php?rest_route=\/wp\/v2\/pages\/313","targetHints":{"allow":["GET"]}}],"collection":[{"href":"https:\/\/cihatseyrek.com\/index.php?rest_route=\/wp\/v2\/pages"}],"about":[{"href":"https:\/\/cihatseyrek.com\/index.php?rest_route=\/wp\/v2\/types\/page"}],"author":[{"embeddable":true,"href":"https:\/\/cihatseyrek.com\/index.php?rest_route=\/wp\/v2\/users\/1"}],"replies":[{"embeddable":true,"href":"https:\/\/cihatseyrek.com\/index.php?rest_route=%2Fwp%2Fv2%2Fcomments&post=313"}],"version-history":[{"count":33,"href":"https:\/\/cihatseyrek.com\/index.php?rest_route=\/wp\/v2\/pages\/313\/revisions"}],"predecessor-version":[{"id":1833,"href":"https:\/\/cihatseyrek.com\/index.php?rest_route=\/wp\/v2\/pages\/313\/revisions\/1833"}],"wp:attachment":[{"href":"https:\/\/cihatseyrek.com\/index.php?rest_route=%2Fwp%2Fv2%2Fmedia&parent=313"}],"curies":[{"name":"wp","href":"https:\/\/api.w.org\/{rel}","templated":true}]}}